{"id":6937,"date":"2025-01-15T11:25:13","date_gmt":"2025-01-15T11:25:13","guid":{"rendered":"https:\/\/sinalt.eu\/privacy\/"},"modified":"2026-02-25T13:52:23","modified_gmt":"2026-02-25T13:52:23","slug":"privacy","status":"publish","type":"page","link":"https:\/\/sinalt.eu\/it\/privacy\/","title":{"rendered":"Privacy"},"content":{"rendered":"\t\t<div data-elementor-type=\"wp-page\" data-elementor-id=\"6937\" class=\"elementor elementor-6937 elementor-5683\" data-elementor-post-type=\"page\">\n\t\t\t\t<div class=\"elementor-element elementor-element-28b93ba9 e-flex e-con-boxed e-con e-parent\" data-id=\"28b93ba9\" data-element_type=\"container\" data-e-type=\"container\">\n\t\t\t\t\t<div class=\"e-con-inner\">\n\t\t\t\t<div class=\"elementor-element elementor-element-38f95237 elementor-widget elementor-widget-text-editor\" data-id=\"38f95237\" data-element_type=\"widget\" data-e-type=\"widget\" data-widget_type=\"text-editor.default\">\n\t\t\t\t<div class=\"elementor-widget-container\">\n\t\t\t\t\t\t\t\t\t<h2>Chi siamo<\/h2>\n<p>La nostra pagina \u00e8: <a href=\"https:\/\/sinalt.eu\/it\/\">https:\/\/sinalt.eu<\/a><\/p>\n<h2>Media<\/h2>\n<p>Se carichi immagini su un sito web, dovresti evitare di caricare immagini che contengono dati di posizione incorporati (EXIF GPS). I visitatori del sito web possono scaricare ed estrarre i dati di posizione dalle immagini presenti sulla pagina. <\/p>\n<h2>Cookie<\/h2>\n<p>Se lasci un commento sul nostro sito, acconsenti all&#8217;archiviazione del tuo nome, indirizzo email e sito web nei cookie. Questo \u00e8 per tua comodit\u00e0, cos\u00ec non dovrai reinserire i tuoi dati quando lasci un nuovo commento. Questi cookie durano un anno.  <\/p>\n<p>Se visiti la nostra pagina di accesso, imposteremo un cookie temporaneo per determinare se il tuo browser accetta i cookie. Questo cookie non contiene informazioni personali e viene eliminato alla chiusura del browser. <\/p>\n<p>Quando effettui l&#8217;accesso, imposteremo anche diversi cookie per salvare le tue informazioni di accesso e le tue preferenze di visualizzazione dello schermo. I cookie di accesso durano due giorni, mentre i cookie delle opzioni dello schermo durano un anno. Se selezioni &#8220;Ricordami&#8221;, il tuo accesso durer\u00e0 due settimane. Se esci dal tuo account, i cookie di accesso verranno rimossi.   <\/p>\n<p>Se modifichi o pubblichi un articolo, un cookie aggiuntivo verr\u00e0 salvato nel tuo browser. Questo cookie non contiene informazioni personali e indica solo l&#8217;ID dell&#8217;articolo appena modificato. Scade dopo un giorno.  <\/p>\n<h2>Contenuto incorporato da altri siti web<\/h2>\n<p>Gli articoli su questo sito possono contenere contenuti incorporati (ad esempio video, immagini, articoli, ecc.). I contenuti incorporati provenienti da altri siti web si comportano allo stesso modo come se il visitatore avesse visitato quell&#8217;altro sito web. <\/p>\n<p>Questi siti web potrebbero raccogliere informazioni su di te, utilizzare cookie, integrare ulteriori tracciamenti di terze parti e monitorare la tua interazione con tali contenuti incorporati, incluso il tracciamento della tua interazione se hai un account e hai effettuato l&#8217;accesso a quel sito web.<\/p>\n<h2>Con chi condividiamo i tuoi dati?<\/h2>\n<p>Se richiedi la reimpostazione della password, il tuo indirizzo IP verr\u00e0 incluso nell&#8217;e-mail di reimpostazione.<\/p>\n<h2>Per quanto tempo conserviamo i tuoi dati?<\/h2>\n<p>Se lasci un commento, il commento e i relativi metadati vengono conservati a tempo indeterminato. Questo ci permette di riconoscere e approvare automaticamente tutti i commenti futuri, invece di trattenerli per moderazione. <\/p>\n<p>Per gli utenti che si registrano sul nostro sito web (se presenti), memorizziamo anche le informazioni personali che forniscono nel loro profilo utente. Tutti gli utenti possono visualizzare, modificare o cancellare le proprie informazioni personali in qualsiasi momento (tranne il nome utente). Anche gli amministratori del sito web possono visualizzare e modificare queste informazioni.  <\/p>\n<h2>Quali diritti hai sui tuoi dati?<\/h2>\n<p>Se hai un account su questo sito o hai lasciato commenti, puoi richiedere l&#8217;esportazione di un file contenente i dati personali che conserviamo su di te, compresi quelli che ci hai fornito. Puoi anche richiedere la cancellazione di tutti i dati personali che conserviamo su di te. Questo non include i dati che siamo tenuti a conservare per scopi amministrativi, legali o di sicurezza.  <\/p>\n<h2>Dove vengono inviati i tuoi dati<\/h2>\n<p>I commenti dei visitatori potrebbero essere filtrati da un servizio di rilevamento automatico dello spam.<\/p>\t\t\t\t\t\t\t\t<\/div>\n\t\t\t\t<\/div>\n\t\t\t\t\t<\/div>\n\t\t\t\t<\/div>\n\t\t\t\t<\/div>\n\t\t","protected":false},"excerpt":{"rendered":"<p>Chi siamo La nostra pagina \u00e8: https:\/\/sinalt.eu Media Se carichi immagini su un sito web, dovresti evitare di caricare immagini che contengono dati di posizione incorporati (EXIF GPS). I visitatori del sito web possono scaricare ed estrarre i dati di [&hellip;]<\/p>\n","protected":false},"author":1,"featured_media":0,"parent":0,"menu_order":0,"comment_status":"closed","ping_status":"closed","template":"","meta":{"footnotes":""},"class_list":["post-6937","page","type-page","status-publish","hentry"],"_links":{"self":[{"href":"https:\/\/sinalt.eu\/it\/wp-json\/wp\/v2\/pages\/6937","targetHints":{"allow":["GET"]}}],"collection":[{"href":"https:\/\/sinalt.eu\/it\/wp-json\/wp\/v2\/pages"}],"about":[{"href":"https:\/\/sinalt.eu\/it\/wp-json\/wp\/v2\/types\/page"}],"author":[{"embeddable":true,"href":"https:\/\/sinalt.eu\/it\/wp-json\/wp\/v2\/users\/1"}],"replies":[{"embeddable":true,"href":"https:\/\/sinalt.eu\/it\/wp-json\/wp\/v2\/comments?post=6937"}],"version-history":[{"count":3,"href":"https:\/\/sinalt.eu\/it\/wp-json\/wp\/v2\/pages\/6937\/revisions"}],"predecessor-version":[{"id":6940,"href":"https:\/\/sinalt.eu\/it\/wp-json\/wp\/v2\/pages\/6937\/revisions\/6940"}],"wp:attachment":[{"href":"https:\/\/sinalt.eu\/it\/wp-json\/wp\/v2\/media?parent=6937"}],"curies":[{"name":"wp","href":"https:\/\/api.w.org\/{rel}","templated":true}]}}