{"id":6963,"date":"2025-05-08T10:35:36","date_gmt":"2025-05-08T10:35:36","guid":{"rendered":"https:\/\/sinalt.eu\/condizioni-duso\/"},"modified":"2026-02-25T15:27:58","modified_gmt":"2026-02-25T15:27:58","slug":"condizioni-duso","status":"publish","type":"page","link":"https:\/\/sinalt.eu\/it\/condizioni-duso\/","title":{"rendered":"Condizioni d&#8217;uso"},"content":{"rendered":"\t\t<div data-elementor-type=\"wp-page\" data-elementor-id=\"6963\" class=\"elementor elementor-6963 elementor-6114\" data-elementor-post-type=\"page\">\n\t\t\t\t<div class=\"elementor-element elementor-element-28b93ba9 e-flex e-con-boxed e-con e-parent\" data-id=\"28b93ba9\" data-element_type=\"container\" data-e-type=\"container\">\n\t\t\t\t\t<div class=\"e-con-inner\">\n\t\t\t\t<div class=\"elementor-element elementor-element-38f95237 elementor-widget elementor-widget-text-editor\" data-id=\"38f95237\" data-element_type=\"widget\" data-e-type=\"widget\" data-widget_type=\"text-editor.default\">\n\t\t\t\t<div class=\"elementor-widget-container\">\n\t\t\t\t\t\t\t\t\t<h2>Termini legali<\/h2>\n<p> <\/p>\n<p>Qualsiasi utilizzo di https:\/\/sinalt.eu\/ \u00e8 soggetto ai termini e alle condizioni di seguito indicati. I documenti pubblicati su questo sito web possono essere copiati solo per scopi non commerciali e per uso personale, nel rispetto di tutti i diritti d&#8217;autore, di altri diritti di propriet\u00e0 e di qualsiasi restrizione sui diritti dichiarata. Pertanto, non possono essere ulteriormente copiati, riprodotti o distribuiti in alcun modo senza l&#8217;espresso consenso di SINALT d.o.o.  <\/p>\n<p> <\/p>\n<p>SINALT d.o.o. far\u00e0 ogni ragionevole sforzo per garantire che le informazioni contenute in questo sito web siano accurate e aggiornate, ma non pu\u00f2 essere ritenuta responsabile della loro accuratezza e completezza. Tutti gli utenti che accedono a https:\/\/sinalt.eu\/ ne utilizzano i contenuti a proprio rischio e pericolo. SINALT d.o.o. non sar\u00e0 responsabile per eventuali danni diretti, incidentali, consequenziali, indiretti o punitivi derivanti dall&#8217;accesso, dall&#8217;utilizzo o dall&#8217;impossibilit\u00e0 di utilizzare https:\/\/sinalt.eu\/, n\u00e9 per eventuali errori o incompletezze nei suoi contenuti.  <\/p>\n<p> <\/p>\n<p>SINALT d.o.o. si riserva il diritto di modificare il contenuto di questo sito web in qualsiasi modo, in qualsiasi momento e per qualsiasi motivo e non sar\u00e0 responsabile per eventuali conseguenze derivanti da tali modifiche.<\/p>\n<p> <\/p>\n<h2>Registrazione<\/h2>\n<p> <\/p>\n<p>Per effettuare un acquisto, l&#8217;Acquirente pu\u00f2 essere registrato o meno su https:\/\/sinalt.eu\/. Al momento della registrazione, l&#8217;Acquirente dovr\u00e0 inserire un indirizzo e-mail e una password. <\/p>\n<p> <\/p>\n<p> <\/p>\n<h2>Condizioni di acquisto<\/h2>\n<p> <\/p>\n<h3>Ordini<\/h3>\n<p> <\/p>\n<p>L&#8217;ordine dei prodotti \u00e8 possibile 24 ore su 24, 7 giorni su 7. Gli ordini vengono effettuati esclusivamente tramite un modulo elettronico, il carrello del negozio online. L&#8217;acquirente pu\u00f2 essere registrato o meno sul sito web del Venditore per poter effettuare un ordine. Tuttavia, l&#8217;acquirente \u00e8 tenuto a inserire i propri dati di contatto e l&#8217;indirizzo (proprio e di consegna) per completare la procedura d&#8217;ordine. Qualora il Venditore non sia in grado di consegnare tutti gli articoli ordinati, consegner\u00e0 quelli che pu\u00f2 e ne dar\u00e0 comunicazione scritta all&#8217;acquirente entro il termine comunicatogli dopo l&#8217;ordine. Qualora l&#8217;acquirente decida di non accettare la spedizione ordinata e spedita per motivi soggettivi, \u00e8 tenuto a sostenere le spese di consegna del prodotto.     <\/p>\n<p> <\/p>\n<h3>Pagamenti<\/h3>\n<p> <\/p>\n<p>L&#8217;acquirente pagher\u00e0 al venditore gli articoli ordinati in contrassegno al ricevimento del pacco tramite corriere oppure tramite bonifico bancario diretto.<\/p>\n<p>Il pagamento dell&#8217;ordine verr\u00e0 effettuato solo dopo aver accertato che i prodotti ordinati sono disponibili nel negozio online del Venditore.<\/p>\n<p> <\/p>\n<h3>Ricevuta ordine<\/h3>\n<p> <\/p>\n<p>Dopo aver effettuato l&#8217;ordine, l&#8217;Acquirente ricever\u00e0 una notifica di ricezione dell&#8217;ordine e di verifica della disponibilit\u00e0 degli articoli ordinati. Dopo la verifica della disponibilit\u00e0 degli articoli, l&#8217;Acquirente verr\u00e0 informato via e-mail della loro disponibilit\u00e0. Se ha scelto di pagare tramite bonifico bancario, verr\u00e0 informato tramite e-mail che pu\u00f2 effettuare il pagamento, mentre per il pagamento con carta di credito verr\u00e0 informato che la transazione (pagamento) \u00e8 stata completata.  <\/p>\n<p> <\/p>\n<h3>Spedizione<\/h3>\n<p> <\/p>\n<p>La consegna della merce avviene tramite GLS, entro 5 giorni lavorativi dalla conferma della disponibilit\u00e0 degli articoli ordinati. L&#8217;acquirente ha il diritto di rifiutare una spedizione che presenti danni visibili all&#8217;esterno al momento della ricezione. <\/p>\n<p> <\/p>\n<p>La merce \u00e8 assicurata contro lo smarrimento durante la consegna e, se l&#8217;Acquirente non riceve alcuna notifica o consegna dal Venditore o dal corriere entro 20 giorni dalla data dell&#8217;ordine, \u00e8 tenuto a darne comunicazione al Venditore affinch\u00e9 possa intervenire per ritrovare la spedizione o inviarne una sostitutiva. Se l&#8217;Acquirente ignora i tentativi del corriere di contattarlo e non si presenta all&#8217;indirizzo di consegna per tre volte, la spedizione verr\u00e0 restituita al Venditore. <\/p>\n<p> <\/p>\n<h3>Annullamento e reso dell&#8217;ordine<\/h3>\n<p> <\/p>\n<p>Secondo le normative UE, un commerciante \u00e8 tenuto a riparare o sostituire i beni, a ridurre il prezzo o a rimborsare il cliente se i beni acquistati sono difettosi, non corrispondono all&#8217;aspetto o al funzionamento pubblicizzati. Se hai acquistato beni o servizi online o al di fuori di un negozio (per telefono, per corrispondenza o tramite un venditore ambulante), hai il diritto di annullare e restituire l&#8217;ordine entro 14 giorni, per qualsiasi motivo e senza fornire alcuna motivazione. Questo periodo di 14 giorni \u00e8 anche chiamato &#8220;Periodo di recesso&#8221;.  <\/p>\n<p>Tutti i prodotti esposti sul negozio online sinalt.eu sono prodotti unici, realizzati su ordinazione. Per questo motivo, il &#8220;Periodo di Recesso&#8221; sopra menzionato non si applica agli acquisti effettuati sul negozio online www.sinalt.eu. <\/p>\n<p> <\/p>\n<p>Riferimento legale:<\/p>\n<p>https:\/\/europa.eu\/youreurope\/citizens\/consumers\/shopping\/guarantees-returns\/index_hr.htm<\/p>\n<p> <\/p>\n<h3>Reclami e obiezioni<\/h3>\n<p> <\/p>\n<p>SINALT d.o.o. \u00e8 responsabile della qualit\u00e0 o degli effettivi difetti di fabbricazione dei prodotti acquistati sul negozio online https:\/\/sinalt.eu\/<\/p>\n<p> <\/p>\n<p>Se l&#8217;acquirente ha obiezioni sui prodotti acquistati, ai sensi dell&#8217;articolo 10 comma 6 della Legge sulla tutela dei consumatori, ha il diritto di inviare un reclamo scritto al venditore nel modo seguente:<\/p>\n<p> <\/p>\n<ul>\n<li>per posta all&#8217;indirizzo della societ\u00e0 SINALT d.o.o., Trsi 21, 52440 Pore\u010d<\/li>\n<li>inviando un&#8217;e-mail a info@sinalt.eu<\/li>\n<\/ul>\n<p> <\/p>\n<p>Si prega di includere nome, indirizzo, recapiti e una descrizione del reclamo. Risponderemo al reclamo per iscritto entro 14 giorni dalla ricezione. <\/p>\n<p> <\/p>\n<p>SINALT d.o.o. \u00e8 responsabile per i difetti materiali dei prodotti acquistati ai sensi della legge sulle obbligazioni civili.<\/p>\n<p> <\/p>\n<p>La restituzione e il cambio della merce sono possibili solo dietro presentazione della fattura.<\/p>\n<p> <\/p>\n<h3>Scambio prodotto<\/h3>\n<p> <\/p>\n<p>Tutti i clienti hanno il diritto di cambiare la merce. La sostituzione \u00e8 possibile entro 14 giorni dal ricevimento della spedizione. \u00c8 necessario richiedere la sostituzione via e-mail con oggetto &#8220;CAMBIO: NUMERO D&#8217;ORDINE&#8221; dal ricevimento della spedizione. Nell&#8217;e-mail, \u00e8 necessario specificare se si desidera sostituire il prodotto con lo stesso prodotto in una taglia o un colore diverso, oppure con un altro prodotto della nostra offerta. \u00c8 quindi necessario restituire il prodotto al nostro indirizzo entro 2 giorni lavorativi dalla richiesta approvata. Una volta accertato che il prodotto restituito \u00e8 integro e nella sua confezione originale, procederemo alla sostituzione. Se si desidera sostituire il prodotto con un prodotto di valore superiore, sar\u00e0 necessario prima versare la differenza sul nostro conto; se il valore \u00e8 inferiore, l&#8217;importo verr\u00e0 restituito sul conto. I costi diretti della sostituzione della merce sono a carico dell&#8217;utente.      <\/p>\n<p> <\/p>\n<p>La restituzione e il cambio della merce sono possibili solo dietro presentazione della fattura.<\/p>\n<p> <\/p>\n<h2>Base per la raccolta e l&#8217;elaborazione dei dati personali<\/h2>\n<p> <\/p>\n<p>SINALT d.o.o. si impegna e garantisce che in ogni caso specifico tratter\u00e0 i tuoi dati personali in modo coscienzioso, corretto, applicando misure di protezione appropriate per impedire la divulgazione non autorizzata e l&#8217;uso improprio dei tuoi dati personali e sotto tutti gli aspetti in conformit\u00e0 con la Legge sulla protezione dei dati personali (PDPA).<\/p>\n<p>SINALT d.o.o. non fornir\u00e0 i tuoi dati personali a terzi, salvo diversa indicazione di legge. I tuoi dati personali saranno trattati fino alla revoca del consenso, dopodich\u00e9 tutti i tuoi dati saranno definitivamente distrutti. <\/p>\n<p>A seconda dello scopo della raccolta e del trattamento dei dati personali, descritto pi\u00f9 dettagliatamente sopra, SINALT d.o.o. potrebbe chiederti di fornire le seguenti informazioni: nome, cognome, nome utente, indirizzo e-mail, indirizzo di residenza, citt\u00e0, codice postale, paese e numero di telefono.<\/p>\n<p>Nei casi sopra indicati, SINALT d.o.o. raccoglie ed elabora i tuoi dati personali esclusivamente sulla base del tuo consenso.<\/p>\n<p>Non raccogliamo dati personali quando visiti il \u200b\u200bnostro sito web, ma solo quando ti registri autonomamente quando effettui un ordine, ti registri per ricevere la newsletter, compili un sondaggio o invii una richiesta tramite il modulo di contatto.<\/p>\n<p>Esprimi il tuo consenso alla raccolta e al trattamento dei tuoi dati personali compilando i moduli appositamente predisposti per i servizi offerti sul sito web e puoi revocarlo in qualsiasi momento secondo le modalit\u00e0 descritte di seguito.<\/p>\n<p> <\/p>\n<h3>Diritti dei fornitori di dati personali ai sensi del GDPR<\/h3>\n<p> <\/p>\n<p>In relazione al trattamento dei tuoi dati personali, hai i seguenti diritti: richiedere l&#8217;accesso ai dati (ispezione, notifica e rilascio di una copia), la correzione, la modifica, l&#8217;aggiornamento e la cancellazione dei dati, nonch\u00e9 revocare il consenso al trattamento dei tuoi dati personali, o revocare il tuo consenso in qualsiasi momento e richiedere la cessazione dell&#8217;ulteriore trattamento dei tuoi dati, essere informato da SINALT d.o.o. sullo stato della tua richiesta.<\/p>\n<p> <\/p>\n<p>Su richiesta personale, hai il diritto di ricevere gratuitamente informazioni sui tuoi dati personali memorizzati. Inoltre, ai sensi dell&#8217;articolo 21 della legge sulla protezione dei dati, hai il diritto di opporti al trattamento dei tuoi dati personali per finalit\u00e0 di marketing.  <\/p>\n<p>Come indicato, secondo le disposizioni di legge, hai il diritto di correggere, integrare, disabilitare e cancellare questi dati personali, se i dati sono incompleti, inesatti o non aggiornati e se il loro trattamento non \u00e8 conforme alle disposizioni di legge.<\/p>\n<p>Puoi revocare in qualsiasi momento il tuo consenso alla raccolta e al trattamento dei tuoi dati personali in uno dei seguenti modi:<\/p>\n<p> <\/p>\n<ul>\n<li>inviando una e-mail a info@sinalt.eu oppure<\/li>\n<li>inviando una lettera a SINALT d.o.o., via Trsi 21, 52440 Pore\u010d. <\/li>\n<\/ul>\n<p> <\/p>\n<p>Se revochi il tuo consenso al trattamento dei dati personali, SINALT d.o.o. \u00e8 tenuta a distruggere definitivamente tutti i tuoi dati senza indugio e comunque non oltre 15 giorni dal ricevimento della revoca.<\/p>\n<p>In caso di trattamento non autorizzato dei dati personali, avete il diritto di avviare un procedimento appropriato contro SINALT d.o.o. presso le autorit\u00e0 competenti e in conformit\u00e0 con le normative vigenti nella Repubblica di Croazia.<\/p>\n<p> <\/p>\n<p>L&#8217;Informativa sulla privacy si applica esclusivamente all&#8217;utilizzo del sito web: https:\/\/sinalt.eu\/ ed \u00e8 valida solo per il territorio della Repubblica di Croazia e non si applica ai link eventualmente contenuti in questo sito web che conducono ad altri siti web, n\u00e9 ai territori di altri Paesi. SINALT d.o.o. non \u00e8 responsabile del contenuto o dell&#8217;Informativa sulla privacy di questi siti web. Se scoprite che questi siti web conducono a siti web di terze parti con contenuti inappropriati o un&#8217;Informativa sulla privacy sfavorevole, vi preghiamo di contattarci e rimuoveremo tali link.  <\/p>\n<p> <\/p>\n<h2>Comunicazione elettronica<\/h2>\n<p> <\/p>\n<p>Visitando le pagine del negozio online di SINALT d.o.o., comunichi elettronicamente. Con la presente accetti che tutti gli accordi, le notifiche, le comunicazioni e gli altri contenuti a te forniti elettronicamente siano conformi alla normativa vigente come se fossero stati stipulati per iscritto. <\/p>\n<p> <\/p>\n<h2>Modifiche alle condizioni di acquisto<\/h2>\n<p> <\/p>\n<p>SINALT d.o.o. si riserva il diritto di modificare e aggiornare le presenti Condizioni di Acquisto. Eventuali modifiche alle Condizioni di Acquisto saranno pubblicate sulle pagine del negozio online di SINALT d.o.o. <\/p>\n<p>SINALT d.o.o. Gli utenti di Internet non si sentono ancora sicuri quando fanno acquisti online. Vorremmo sottolineare come utilizziamo i dati che raccogliamo. <\/p>\n<p> <\/p>\n<p>Legge sulla tutela dei consumatori della Repubblica di Croazia;<\/p>\n<p>Il negozio online www.sinalt.eu opera in conformit\u00e0 con la Legge sulla tutela dei consumatori, la legge della Repubblica di Croazia che tutela i diritti fondamentali dei consumatori nell&#8217;acquisto di prodotti e servizi, nonch\u00e9 in altre forme di acquisizione di prodotti e servizi sul mercato: il diritto alla tutela degli interessi economici, il diritto alla tutela da pericoli per la vita, la salute e la propriet\u00e0, il diritto alla tutela legale dei consumatori, il diritto all&#8217;informazione e all&#8217;educazione dei consumatori, il diritto di associare i consumatori allo scopo di tutelare i loro interessi e il diritto di rappresentare i consumatori e di partecipare ai lavori degli organi che risolvono questioni di loro interesse.<\/p>\n<p> <\/p>\n<p> <\/p>\n<h3>Sicurezza degli acquisti<\/h3>\n<p> <\/p>\n<p>Risoluzione delle controversie dei consumatori online<\/p>\n<p>In conformit\u00e0 con il Regolamento dell&#8217;Unione Europea n. 524\/2013, il negozio online www.sinalt.eu partecipa alla risoluzione delle controversie dei consumatori, che i clienti possono presentare online tramite questo link: https:\/\/webgate.ec.europa.eu\/odr\/main\/index.cfm?event=main.home.chooseLanguage <\/p>\n<p> <\/p>\n<p> <\/p>\n<h2>Privacy<\/h2>\n<p> <\/p>\n<p>Apprezziamo il tuo interesse per il nostro sito web e la tutela della tua privacy \u00e8 per noi della massima importanza. I dati personali che raccogliamo sono tutti dati che normalmente non sono accessibili al pubblico e di cui SINALT d.o.o. viene a conoscenza con il tuo consenso durante l&#8217;utilizzo del negozio online disponibile all&#8217;indirizzo web https:\/\/sinalt.eu\/. I dati personali che raccogliamo sono i tuoi seguenti dati identificativi: <\/p>\n<p> <\/p>\n<ul>\n<li>nome e cognome<\/li>\n<li>e-mail<\/li>\n<li>indirizzo<\/li>\n<li>numero di telefono<\/li>\n<\/ul>\n<p> <\/p>\n<p>SINALT d.o.o. si impegna a utilizzare i tuoi dati personali esclusivamente per scopi identificativi e per fornirti un servizio migliore quando utilizzi il negozio online www.sinalt.eu. SINALT d.o.o. si impegna a mantenere riservati i tuoi dati personali e a non distribuirli, pubblicarli, fornirli a terzi per l&#8217;uso o renderli disponibili a terzi in alcun altro modo senza il tuo previo consenso. <\/p>\n<p> <\/p>\n<p>SINALT d.o.o. si impegna a proteggere i dati personali dei propri clienti raccogliendo solo i dati di base necessari sui propri utenti, necessari per adempiere ai nostri obblighi; informando gli utenti sull&#8217;utilizzo dei dati raccolti; offrendo regolarmente agli utenti la possibilit\u00e0 di scegliere come verranno utilizzati i loro dati, inclusa la possibilit\u00e0 di decidere se rimuovere o meno il proprio nome dagli elenchi utilizzati per le campagne di marketing. Tutti i dati degli utenti sono rigorosamente protetti e sono accessibili solo ai dipendenti che ne hanno bisogno per svolgere il proprio lavoro. Tutti i dipendenti di SINALT d.o.o. e i partner commerciali sono tenuti a rispettare i principi di protezione della privacy.  <\/p>\n<p> <\/p>\n<p><strong>SINALT d.o.o.<\/strong><\/p>\n<p><strong>Trsi 21<\/strong><\/p>\n<p><strong>52440 Pore\u010d<\/strong><\/p>\t\t\t\t\t\t\t\t<\/div>\n\t\t\t\t<\/div>\n\t\t\t\t\t<\/div>\n\t\t\t\t<\/div>\n\t\t\t\t<\/div>\n\t\t","protected":false},"excerpt":{"rendered":"<p>Termini legali Qualsiasi utilizzo di https:\/\/sinalt.eu\/ \u00e8 soggetto ai termini e alle condizioni di seguito indicati. I documenti pubblicati su questo sito web possono essere copiati solo per scopi non commerciali e per uso personale, nel rispetto di tutti i [&hellip;]<\/p>\n","protected":false},"author":1,"featured_media":0,"parent":0,"menu_order":0,"comment_status":"closed","ping_status":"closed","template":"","meta":{"footnotes":""},"class_list":["post-6963","page","type-page","status-publish","hentry"],"_links":{"self":[{"href":"https:\/\/sinalt.eu\/it\/wp-json\/wp\/v2\/pages\/6963","targetHints":{"allow":["GET"]}}],"collection":[{"href":"https:\/\/sinalt.eu\/it\/wp-json\/wp\/v2\/pages"}],"about":[{"href":"https:\/\/sinalt.eu\/it\/wp-json\/wp\/v2\/types\/page"}],"author":[{"embeddable":true,"href":"https:\/\/sinalt.eu\/it\/wp-json\/wp\/v2\/users\/1"}],"replies":[{"embeddable":true,"href":"https:\/\/sinalt.eu\/it\/wp-json\/wp\/v2\/comments?post=6963"}],"version-history":[{"count":1,"href":"https:\/\/sinalt.eu\/it\/wp-json\/wp\/v2\/pages\/6963\/revisions"}],"predecessor-version":[{"id":6964,"href":"https:\/\/sinalt.eu\/it\/wp-json\/wp\/v2\/pages\/6963\/revisions\/6964"}],"wp:attachment":[{"href":"https:\/\/sinalt.eu\/it\/wp-json\/wp\/v2\/media?parent=6963"}],"curies":[{"name":"wp","href":"https:\/\/api.w.org\/{rel}","templated":true}]}}